{"id":15359,"date":"2024-10-14T09:11:05","date_gmt":"2024-10-14T05:11:05","guid":{"rendered":"https:\/\/saharatech.ae\/termos-de-uso\/"},"modified":"2024-12-15T12:47:08","modified_gmt":"2024-12-15T08:47:08","slug":"termos-de-uso","status":"publish","type":"page","link":"https:\/\/saharatech.ae\/pt-br\/termos-de-uso\/","title":{"rendered":"Termos de uso"},"content":{"rendered":"\t\t<div data-elementor-type=\"wp-page\" data-elementor-id=\"15359\" class=\"elementor elementor-15359 elementor-12918\" data-elementor-post-type=\"page\">\n\t\t\t\t<div class=\"elementor-element elementor-element-70a3349 e-flex e-con-boxed e-con e-parent\" data-id=\"70a3349\" data-element_type=\"container\" data-e-type=\"container\">\n\t\t\t\t\t<div class=\"e-con-inner\">\n\t\t\t\t<div class=\"elementor-element elementor-element-0d5fc2b elementor-widget elementor-widget-text-editor\" data-id=\"0d5fc2b\" data-element_type=\"widget\" data-e-type=\"widget\" data-widget_type=\"text-editor.default\">\n\t\t\t\t\t\t\t\t\t<\/p>\n<p>Estes Termos de Uso estabelecem os termos e condi\u00e7\u00f5es que regem o uso do site por voc\u00ea. Ao usar o site de qualquer maneira, voc\u00ea concorda com todos os termos e condi\u00e7\u00f5es contidos ou mencionados nestes Termos de Uso. Estes Termos de Uso aplicam-se apenas ao seu uso do site e n\u00e3o se aplicam a qualquer outro site ou a qualquer produto ou servi\u00e7o da Sahara Tech, nem alteram qualquer outro acordo entre voc\u00ea e a Sahara Tech.  <\/p>\n<p>A Sahara Tech reserva-se o direito, a seu exclusivo crit\u00e9rio, de modificar ou alterar estes Termos de Uso a qualquer momento, sem aviso pr\u00e9vio a voc\u00ea. O uso continuado do site ap\u00f3s a publica\u00e7\u00e3o de quaisquer altera\u00e7\u00f5es nos Termos de Uso constitui sua aceita\u00e7\u00e3o dessas altera\u00e7\u00f5es. Estes Termos de Uso foram atualizados pela \u00faltima vez em 10 de outubro de 2024  <\/p>\n<p><strong>Propriedade e uso das informa\u00e7\u00f5es do site<\/strong><\/p>\n<p>Todas as informa\u00e7\u00f5es, materiais e outros conte\u00fados localizados no Site, exceto os materiais de terceiros mencionados, s\u00e3o de propriedade da Sahara Tech ou de suas afiliadas e est\u00e3o protegidos pelas leis de direitos autorais, marcas registradas e outras leis de propriedade intelectual dos Emirados \u00c1rabes Unidos e internacionais.<\/p>\n<p><strong>Licen\u00e7a limitada<\/strong><\/p>\n<p>A Sahara Tech autoriza voc\u00ea a copiar os materiais publicados pela Sahara Tech neste site apenas para uso n\u00e3o comercial dentro de sua organiza\u00e7\u00e3o. Voc\u00ea n\u00e3o est\u00e1 autorizado a fazer qualquer outro uso das informa\u00e7\u00f5es. Em considera\u00e7\u00e3o a essa autoriza\u00e7\u00e3o, voc\u00ea concorda que qualquer c\u00f3pia desses materiais que voc\u00ea fizer dever\u00e1 manter todos os direitos autorais e outros avisos de propriedade na mesma forma e maneira que no original. Exceto conforme especificado acima, nada contido neste documento deve ser interpretado como conferindo, por implica\u00e7\u00e3o, preclus\u00e3o ou de outra forma, qualquer licen\u00e7a ou direito sob qualquer patente, marca registrada ou direito autoral da Sahara Tech ou de terceiros. Todo o conte\u00fado deste site \u00e9 protegido por direitos autorais. Exceto conforme especificamente permitido neste documento, nenhuma parte das informa\u00e7\u00f5es deste site pode ser reproduzida de qualquer forma ou por qualquer meio, sem a permiss\u00e3o pr\u00e9via por escrito da Sahara Tech. Os visitantes ou usu\u00e1rios n\u00e3o t\u00eam permiss\u00e3o para modificar, distribuir, publicar, transmitir ou criar trabalhos derivados de qualquer material encontrado neste site para quaisquer fins p\u00fablicos ou comerciais.      <\/p>\n<p><strong>Envio de informa\u00e7\u00f5es<\/strong><\/p>\n<p>Qualquer informa\u00e7\u00e3o que voc\u00ea enviar para a Sahara Tech atrav\u00e9s do site ser\u00e1 considerada N\u00c3O confidencial (&#8220;Informa\u00e7\u00f5es N\u00e3o Confidenciais&#8221;). Para qualquer Informa\u00e7\u00e3o N\u00e3o Confidencial que voc\u00ea enviar, postar ou submeter, voc\u00ea concede \u00e0 Sahara Tech uma licen\u00e7a irrestrita, livre de royalties e irrevog\u00e1vel para usar, reproduzir, exibir, executar, modificar, transmitir e distribuir as Informa\u00e7\u00f5es N\u00e3o Confidenciais, e concorda que a Sahara Tech \u00e9 livre para usar quaisquer ideias, conceitos, know-how ou t\u00e9cnicas que voc\u00ea enviar \u00e0 Sahara Tech para qualquer finalidade, sem compensa\u00e7\u00e3o para voc\u00ea ou para a Sahara Tech, conceitos, know-how ou t\u00e9cnicas que voc\u00ea enviar \u00e0 Sahara Tech para qualquer finalidade, sem compensa\u00e7\u00e3o a voc\u00ea ou a qualquer outra pessoa que enviar as Informa\u00e7\u00f5es N\u00e3o Confidenciais, e voc\u00ea declara e garante que possui ou controla todos os direitos sobre as Informa\u00e7\u00f5es N\u00e3o Confidenciais e que a publica\u00e7\u00e3o p\u00fablica e o uso do seu conte\u00fado pela Sahara Tech n\u00e3o infringir\u00e3o ou violar\u00e3o os direitos de terceiros. Todas as informa\u00e7\u00f5es de identifica\u00e7\u00e3o pessoal que voc\u00ea nos enviar ser\u00e3o tratadas de acordo com a nossa Pol\u00edtica de Privacidade.  <\/p>\n<p><strong>Informa\u00e7\u00f5es de terceiros<\/strong><\/p>\n<p>Determinados conte\u00fados de terceiros podem ser disponibilizados como parte deste site. Acredita-se que esse conte\u00fado seja confi\u00e1vel, mas n\u00e3o endossamos nem garantimos a exatid\u00e3o ou a integridade de tal conte\u00fado e a Sahara Tech n\u00e3o oferece nenhuma garantia quanto \u00e0 exatid\u00e3o de tais informa\u00e7\u00f5es. <\/p>\n<p><strong>Sem garantias<\/strong><\/p>\n<p>As informa\u00e7\u00f5es e os documentos fornecidos neste site s\u00e3o fornecidos &#8220;no estado em que se encontram&#8221;, sem garantia de qualquer tipo, expressa ou impl\u00edcita, incluindo, sem limita\u00e7\u00e3o, garantias de comercializa\u00e7\u00e3o, adequa\u00e7\u00e3o a uma finalidade espec\u00edfica e n\u00e3o viola\u00e7\u00e3o. A Sahara Tech envida esfor\u00e7os razo\u00e1veis para incluir informa\u00e7\u00f5es precisas e atualizadas neste site; no entanto, n\u00e3o oferece nenhuma garantia ou representa\u00e7\u00e3o quanto \u00e0 sua precis\u00e3o ou integridade. A Sahara Tech periodicamente adiciona, altera, melhora ou atualiza as informa\u00e7\u00f5es e documentos deste site sem aviso pr\u00e9vio. A Sahara Tech n\u00e3o assume nenhuma obriga\u00e7\u00e3o ou responsabilidade por quaisquer erros ou omiss\u00f5es no conte\u00fado deste site. O uso deste site \u00e9 por sua pr\u00f3pria conta e risco.    <\/p>\n<p><strong>Limita\u00e7\u00e3o de responsabilidade<\/strong><\/p>\n<p>Sob nenhuma circunst\u00e2ncia a Sahara Tech ser\u00e1 respons\u00e1vel por quaisquer danos sofridos por voc\u00ea, incluindo quaisquer danos diretos, indiretos, incidentais, especiais, consequenciais ou exemplares (incluindo, sem limita\u00e7\u00e3o, quaisquer lucros cessantes ou danos por interrup\u00e7\u00e3o de neg\u00f3cios, perda de informa\u00e7\u00f5es, programas ou outros dados) que resultem do acesso, uso ou incapacidade de usar este site ou devido a qualquer viola\u00e7\u00e3o de seguran\u00e7a associada \u00e0 transmiss\u00e3o de informa\u00e7\u00f5es pela Internet, mesmo que a Sahara Tech tenha sido avisada da possibilidade de tais danos.<\/p>\n<p><strong>Isen\u00e7\u00e3o de responsabilidade por e-mail<\/strong><\/p>\n<p>Esta mensagem pode conter informa\u00e7\u00f5es confidenciais, propriet\u00e1rias ou legalmente privilegiadas. Caso voc\u00ea n\u00e3o seja o destinat\u00e1rio original da mensagem, n\u00e3o dever\u00e1, direta ou indiretamente, usar, divulgar, distribuir, imprimir ou copiar qualquer parte desta mensagem e dever\u00e1 exclu\u00ed-la e informar o remetente. Todas as opini\u00f5es expressas nesta mensagem s\u00e3o de responsabilidade do remetente individual, salvo indica\u00e7\u00e3o em contr\u00e1rio. Nada contido nesta mensagem deve ser interpretado como uma oferta ou aceita\u00e7\u00e3o de qualquer oferta da Sahara Tech ou de qualquer uma de suas subsidi\u00e1rias, a menos que seja enviado com essa inten\u00e7\u00e3o expressa e com a devida autoridade da Sahara Tech. A Sahara Tech tomou medidas e precau\u00e7\u00f5es suficientes para evitar a propaga\u00e7\u00e3o de v\u00edrus. No entanto, a empresa n\u00e3o se responsabiliza por qualquer dano causado por qualquer v\u00edrus transmitido por este e-mail.     <\/p>\n<p><strong>Isen\u00e7\u00e3o de responsabilidade<\/strong><\/p>\n<p>Todos os logotipos e imagens s\u00e3o marcas comerciais das respectivas empresas e s\u00e3o usados aqui apenas para fins de representa\u00e7\u00e3o.<\/p>\n\t\t\t\t\t\t\t\t<\/div>\n\t\t\t\t\t<\/div>\n\t\t\t\t<\/div>\n\t\t\t\t<\/div>\n\t\t","protected":false},"excerpt":{"rendered":"<p>Estes Termos de Uso estabelecem os termos e condi\u00e7\u00f5es que regem o uso do site por voc\u00ea. Ao usar o site de qualquer maneira, voc\u00ea concorda com todos os termos e condi\u00e7\u00f5es contidos ou mencionados nestes Termos de Uso. Estes Termos de Uso aplicam-se apenas ao seu uso do site e n\u00e3o se aplicam a [&hellip;]<\/p>\n","protected":false},"author":2,"featured_media":0,"parent":0,"menu_order":0,"comment_status":"closed","ping_status":"closed","template":"","meta":{"footnotes":""},"class_list":["post-15359","page","type-page","status-publish","hentry"],"yoast_head":"<!-- This site is optimized with the Yoast SEO Premium plugin v25.9 (Yoast SEO v27.4) - https:\/\/yoast.com\/product\/yoast-seo-premium-wordpress\/ -->\n<title>Termos de uso - Sahara Tech<\/title>\n<meta name=\"robots\" content=\"index, follow, max-snippet:-1, max-image-preview:large, max-video-preview:-1\" \/>\n<link rel=\"canonical\" href=\"https:\/\/saharatech.ae\/pt-br\/termos-de-uso\/\" \/>\n<meta property=\"og:locale\" content=\"pt_BR\" \/>\n<meta property=\"og:type\" content=\"article\" \/>\n<meta property=\"og:title\" content=\"Termos de uso\" \/>\n<meta property=\"og:description\" content=\"Estes Termos de Uso estabelecem os termos e condi\u00e7\u00f5es que regem o uso do site por voc\u00ea. Ao usar o site de qualquer maneira, voc\u00ea concorda com todos os termos e condi\u00e7\u00f5es contidos ou mencionados nestes Termos de Uso. Estes Termos de Uso aplicam-se apenas ao seu uso do site e n\u00e3o se aplicam a [&hellip;]\" \/>\n<meta property=\"og:url\" content=\"https:\/\/saharatech.ae\/pt-br\/termos-de-uso\/\" \/>\n<meta property=\"og:site_name\" content=\"Sahara Tech\" \/>\n<meta property=\"article:modified_time\" content=\"2024-12-15T08:47:08+00:00\" \/>\n<meta name=\"twitter:card\" content=\"summary_large_image\" \/>\n<meta name=\"twitter:label1\" content=\"Est. tempo de leitura\" \/>\n\t<meta name=\"twitter:data1\" content=\"5 minutos\" \/>\n<script type=\"application\/ld+json\" class=\"yoast-schema-graph\">{\"@context\":\"https:\\\/\\\/schema.org\",\"@graph\":[{\"@type\":\"WebPage\",\"@id\":\"https:\\\/\\\/saharatech.ae\\\/pt-br\\\/termos-de-uso\\\/\",\"url\":\"https:\\\/\\\/saharatech.ae\\\/pt-br\\\/termos-de-uso\\\/\",\"name\":\"Termos de uso - Sahara Tech\",\"isPartOf\":{\"@id\":\"https:\\\/\\\/saharatech.ae\\\/pt-br\\\/#website\"},\"datePublished\":\"2024-10-14T05:11:05+00:00\",\"dateModified\":\"2024-12-15T08:47:08+00:00\",\"breadcrumb\":{\"@id\":\"https:\\\/\\\/saharatech.ae\\\/pt-br\\\/termos-de-uso\\\/#breadcrumb\"},\"inLanguage\":\"pt-BR\",\"potentialAction\":[{\"@type\":\"ReadAction\",\"target\":[\"https:\\\/\\\/saharatech.ae\\\/pt-br\\\/termos-de-uso\\\/\"]}]},{\"@type\":\"BreadcrumbList\",\"@id\":\"https:\\\/\\\/saharatech.ae\\\/pt-br\\\/termos-de-uso\\\/#breadcrumb\",\"itemListElement\":[{\"@type\":\"ListItem\",\"position\":1,\"name\":\"Home\",\"item\":\"https:\\\/\\\/saharatech.ae\\\/pt-br\\\/\"},{\"@type\":\"ListItem\",\"position\":2,\"name\":\"Termos de uso\"}]},{\"@type\":\"WebSite\",\"@id\":\"https:\\\/\\\/saharatech.ae\\\/pt-br\\\/#website\",\"url\":\"https:\\\/\\\/saharatech.ae\\\/pt-br\\\/\",\"name\":\"Sahara Tech\",\"description\":\"Your Trusted Partner in Technology Solutions\",\"potentialAction\":[{\"@type\":\"SearchAction\",\"target\":{\"@type\":\"EntryPoint\",\"urlTemplate\":\"https:\\\/\\\/saharatech.ae\\\/pt-br\\\/?s={search_term_string}\"},\"query-input\":{\"@type\":\"PropertyValueSpecification\",\"valueRequired\":true,\"valueName\":\"search_term_string\"}}],\"inLanguage\":\"pt-BR\"}]}<\/script>\n<!-- \/ Yoast SEO Premium plugin. -->","yoast_head_json":{"title":"Termos de uso - Sahara Tech","robots":{"index":"index","follow":"follow","max-snippet":"max-snippet:-1","max-image-preview":"max-image-preview:large","max-video-preview":"max-video-preview:-1"},"canonical":"https:\/\/saharatech.ae\/pt-br\/termos-de-uso\/","og_locale":"pt_BR","og_type":"article","og_title":"Termos de uso","og_description":"Estes Termos de Uso estabelecem os termos e condi\u00e7\u00f5es que regem o uso do site por voc\u00ea. Ao usar o site de qualquer maneira, voc\u00ea concorda com todos os termos e condi\u00e7\u00f5es contidos ou mencionados nestes Termos de Uso. Estes Termos de Uso aplicam-se apenas ao seu uso do site e n\u00e3o se aplicam a [&hellip;]","og_url":"https:\/\/saharatech.ae\/pt-br\/termos-de-uso\/","og_site_name":"Sahara Tech","article_modified_time":"2024-12-15T08:47:08+00:00","twitter_card":"summary_large_image","twitter_misc":{"Est. tempo de leitura":"5 minutos"},"schema":{"@context":"https:\/\/schema.org","@graph":[{"@type":"WebPage","@id":"https:\/\/saharatech.ae\/pt-br\/termos-de-uso\/","url":"https:\/\/saharatech.ae\/pt-br\/termos-de-uso\/","name":"Termos de uso - Sahara Tech","isPartOf":{"@id":"https:\/\/saharatech.ae\/pt-br\/#website"},"datePublished":"2024-10-14T05:11:05+00:00","dateModified":"2024-12-15T08:47:08+00:00","breadcrumb":{"@id":"https:\/\/saharatech.ae\/pt-br\/termos-de-uso\/#breadcrumb"},"inLanguage":"pt-BR","potentialAction":[{"@type":"ReadAction","target":["https:\/\/saharatech.ae\/pt-br\/termos-de-uso\/"]}]},{"@type":"BreadcrumbList","@id":"https:\/\/saharatech.ae\/pt-br\/termos-de-uso\/#breadcrumb","itemListElement":[{"@type":"ListItem","position":1,"name":"Home","item":"https:\/\/saharatech.ae\/pt-br\/"},{"@type":"ListItem","position":2,"name":"Termos de uso"}]},{"@type":"WebSite","@id":"https:\/\/saharatech.ae\/pt-br\/#website","url":"https:\/\/saharatech.ae\/pt-br\/","name":"Sahara Tech","description":"Your Trusted Partner in Technology Solutions","potentialAction":[{"@type":"SearchAction","target":{"@type":"EntryPoint","urlTemplate":"https:\/\/saharatech.ae\/pt-br\/?s={search_term_string}"},"query-input":{"@type":"PropertyValueSpecification","valueRequired":true,"valueName":"search_term_string"}}],"inLanguage":"pt-BR"}]}},"_links":{"self":[{"href":"https:\/\/saharatech.ae\/pt-br\/wp-json\/wp\/v2\/pages\/15359","targetHints":{"allow":["GET"]}}],"collection":[{"href":"https:\/\/saharatech.ae\/pt-br\/wp-json\/wp\/v2\/pages"}],"about":[{"href":"https:\/\/saharatech.ae\/pt-br\/wp-json\/wp\/v2\/types\/page"}],"author":[{"embeddable":true,"href":"https:\/\/saharatech.ae\/pt-br\/wp-json\/wp\/v2\/users\/2"}],"replies":[{"embeddable":true,"href":"https:\/\/saharatech.ae\/pt-br\/wp-json\/wp\/v2\/comments?post=15359"}],"version-history":[{"count":1,"href":"https:\/\/saharatech.ae\/pt-br\/wp-json\/wp\/v2\/pages\/15359\/revisions"}],"predecessor-version":[{"id":15362,"href":"https:\/\/saharatech.ae\/pt-br\/wp-json\/wp\/v2\/pages\/15359\/revisions\/15362"}],"wp:attachment":[{"href":"https:\/\/saharatech.ae\/pt-br\/wp-json\/wp\/v2\/media?parent=15359"}],"curies":[{"name":"wp","href":"https:\/\/api.w.org\/{rel}","templated":true}]}}